{"id":349,"date":"2022-02-09T16:11:41","date_gmt":"2022-02-09T16:11:41","guid":{"rendered":"https:\/\/knippschild-stadtlohn.de\/?page_id=349"},"modified":"2024-02-13T19:50:17","modified_gmt":"2024-02-13T18:50:17","slug":"knippschild-stadtlohn","status":"publish","type":"page","link":"https:\/\/knippschild-stadtlohn.de\/?page_id=349","title":{"rendered":"Viel freie Zeit &#8211; Carpe temporis"},"content":{"rendered":"\n<p>Nun bin ich Rentner.<\/p>\n\n\n\n<p>Und sehe vor meinem geistigen Auge t\u00e4glich die gleichen alten M\u00e4nner im Stra\u00dfencafe bei einer Tasse Kaffee Zeitung lesend. Andere stundenlang bei verschiedenen Getr\u00e4nken in mehr oder weniger bedeutsame Gespr\u00e4che vertieft. Seltsam, der gr\u00f6\u00dfte Anteil der weiblichen Bev\u00f6lkerung scheint sich im gleichen Zeitraum um den ewigen Tagesablauf zu k\u00fcmmern.<\/p>\n\n\n\n<p>Andere haben endlich Zeit, sich mit ihren Blumen im Garten zu befassen. Der hinter Arbeit und Familie so manches mal nur die n\u00f6tigste Beachtung fand. Beim K\u00fcmmern um das eigene Nest musste man h\u00e4ufig Priorit\u00e4ten setzen.<br>Radfahrer, einzeln oder in Gruppen bestaunen Innenst\u00e4dte und Baudenkm\u00e4ler.<\/p>\n\n\n\n<p>Und wie besch\u00e4ftige ich mich?<br>Was habe ich mir nicht alles durch den Kopf gehen lassen im Bezug auf mein Rentnerdasein.<\/p>\n\n\n\n<p>Computer?<br>Meine Selbstst\u00e4ndigkeit als EDV &#8211; Dienstleister hat mich unbemerkt fast in den Burn Out gef\u00fchrt. Bevor schlimmeres eintrat traf mich mein Rentenbescheid mitten ins Bewusstsein.<br>Nachdem ich mich lange mit mir selbst besch\u00e4ftigt habe, sind Computer noch vorhanden  aber nichts zwingendes mehr.<br>Mittlerweile halte ich es wochenlang ohne aus.<br>Zeitung lesen. Habe ich nie getan. Da fange ich auch jetzt nicht mit an.<br>Das Kartenspielen mit den Freunden die mir sehr wichtig sind. Durch Corona f\u00e4llt das im Moment ganz aus. Mit dem Alter w\u00e4chst halt auch die Vernunft.<br>Zum Kaffee trinken ins Cafe gehen. Dazu bleibe ich lieber daheim.<br>Garten und Blumen. Damit k\u00f6nnte ich mich anfreunden. Das geht auch mit starken Einschr\u00e4nkungen noch.<br>Radfahren, das wird wiederkommen.<\/p>\n\n\n\n<p>Aber erst einmal will ich mich um meine neue Homepage k\u00fcmmern.<br>Da die bisher von mir genutzte Software nicht weiter entwickelt wird, muss ich mich in eine andere Software einarbeiten. Das wird dauern.<\/p>\n\n\n\n<p>Denn, wie weiter oben angezeigt; <span style=\"text-decoration: underline\" class=\"underline\">ich bin jetzt Rentner.<\/span><\/p>\n\n\n\n<figure class=\"wp-block-image size-large\"><a href=\"https:\/\/knippschild-stadtlohn.de\/wp-content\/uploads\/2022\/08\/20220813_095906-scaled.jpg\"><img loading=\"lazy\" decoding=\"async\" width=\"1024\" height=\"768\" src=\"https:\/\/knippschild-stadtlohn.de\/wp-content\/uploads\/2022\/08\/20220813_095906-1024x768.jpg\" alt=\"Offline ist der neue Luxus\" class=\"wp-image-1427\" srcset=\"https:\/\/knippschild-stadtlohn.de\/wp-content\/uploads\/2022\/08\/20220813_095906-1024x768.jpg 1024w, https:\/\/knippschild-stadtlohn.de\/wp-content\/uploads\/2022\/08\/20220813_095906-300x225.jpg 300w, https:\/\/knippschild-stadtlohn.de\/wp-content\/uploads\/2022\/08\/20220813_095906-768x576.jpg 768w, https:\/\/knippschild-stadtlohn.de\/wp-content\/uploads\/2022\/08\/20220813_095906-1536x1152.jpg 1536w, https:\/\/knippschild-stadtlohn.de\/wp-content\/uploads\/2022\/08\/20220813_095906-2048x1536.jpg 2048w\" sizes=\"auto, (max-width: 706px) 89vw, (max-width: 767px) 82vw, 740px\" \/><\/a><\/figure>\n\n\n\n<p class=\"has-very-dark-gray-color has-text-color\">Sicherlich f\u00e4llt mir auch das eine oder andere noch ein.<br>Viel Spa\u00df!<\/p>\n\n\n\n<p><\/p>\n","protected":false},"excerpt":{"rendered":"<p>Nun bin ich Rentner. Und sehe vor meinem geistigen Auge t\u00e4glich die gleichen alten M\u00e4nner im Stra\u00dfencafe bei einer Tasse Kaffee Zeitung lesend. Andere stundenlang bei verschiedenen Getr\u00e4nken in mehr oder weniger bedeutsame Gespr\u00e4che vertieft. Seltsam, der gr\u00f6\u00dfte Anteil der weiblichen Bev\u00f6lkerung scheint sich im gleichen Zeitraum um den ewigen Tagesablauf zu k\u00fcmmern. Andere haben &hellip; <\/p>\n<p class=\"link-more\"><a href=\"https:\/\/knippschild-stadtlohn.de\/?page_id=349\" class=\"more-link\"><span class=\"screen-reader-text\">\u201eViel freie Zeit &#8211; Carpe temporis\u201c <\/span>weiterlesen<\/a><\/p>\n","protected":false},"author":1,"featured_media":0,"parent":0,"menu_order":3,"comment_status":"closed","ping_status":"closed","template":"","meta":{"footnotes":""},"class_list":["post-349","page","type-page","status-publish","hentry"],"_links":{"self":[{"href":"https:\/\/knippschild-stadtlohn.de\/index.php?rest_route=\/wp\/v2\/pages\/349","targetHints":{"allow":["GET"]}}],"collection":[{"href":"https:\/\/knippschild-stadtlohn.de\/index.php?rest_route=\/wp\/v2\/pages"}],"about":[{"href":"https:\/\/knippschild-stadtlohn.de\/index.php?rest_route=\/wp\/v2\/types\/page"}],"author":[{"embeddable":true,"href":"https:\/\/knippschild-stadtlohn.de\/index.php?rest_route=\/wp\/v2\/users\/1"}],"replies":[{"embeddable":true,"href":"https:\/\/knippschild-stadtlohn.de\/index.php?rest_route=%2Fwp%2Fv2%2Fcomments&post=349"}],"version-history":[{"count":21,"href":"https:\/\/knippschild-stadtlohn.de\/index.php?rest_route=\/wp\/v2\/pages\/349\/revisions"}],"predecessor-version":[{"id":1502,"href":"https:\/\/knippschild-stadtlohn.de\/index.php?rest_route=\/wp\/v2\/pages\/349\/revisions\/1502"}],"wp:attachment":[{"href":"https:\/\/knippschild-stadtlohn.de\/index.php?rest_route=%2Fwp%2Fv2%2Fmedia&parent=349"}],"curies":[{"name":"wp","href":"https:\/\/api.w.org\/{rel}","templated":true}]}}