{"id":424,"date":"2022-02-18T01:07:04","date_gmt":"2022-02-18T01:07:04","guid":{"rendered":"https:\/\/knippschild-stadtlohn.de\/?page_id=424"},"modified":"2022-02-21T00:38:20","modified_gmt":"2022-02-21T00:38:20","slug":"aus-rechtlichen-gruenden-ein-hinweis","status":"publish","type":"page","link":"https:\/\/knippschild-stadtlohn.de\/?page_id=424","title":{"rendered":"Disclaimer"},"content":{"rendered":"\n<p>Aufgrund immer neuerer technischen M\u00f6glichkeiten, Daten in Wort und Bild auf unterschiedlichste Art und Weise unbemerkt fremden Internetseiten hinzuzuf\u00fcgen; ist der nachfolgende Hinweis n\u00f6tig!<\/p>\n\n\n\n<p>Haftungshinweis<\/p>\n\n\n\n<p>Trotz sorgf\u00e4ltiger inhaltlicher Kontrolle \u00fcbernehme ich keine Haftung f\u00fcr die Inhalte externer Links.<br>F\u00fcr den Inhalt der verlinkten Seiten sind ausschlie\u00dflich deren Betreiber verantwortlich.<\/p>\n\n\n\n<p>Dies gilt entsprechend f\u00fcr die Links auf eventuell vorhandenen anderen Seiten dieser Pr\u00e4sentation.<\/p>\n\n\n\n<p>Sollte jemand in den Inhalten dieser Website Unrechtm\u00e4\u00dfigkeiten entdecken, bitte ich um sofortige Mitteilung per <span style=\"color:#fcb900\" class=\"tadv-color\"><a href=\"mailto:webmaster@knippschild-stadtlohn.de\">Mail<\/a><\/span>.<\/p>\n\n\n\n<p>Ich werde bestrebt sein, zu Recht beanstandete Inhalte schnellstm\u00f6glich zu \u00e4ndern.<\/p>\n","protected":false},"excerpt":{"rendered":"<p>Aufgrund immer neuerer technischen M\u00f6glichkeiten, Daten in Wort und Bild auf unterschiedlichste Art und Weise unbemerkt fremden Internetseiten hinzuzuf\u00fcgen; ist der nachfolgende Hinweis n\u00f6tig! Haftungshinweis Trotz sorgf\u00e4ltiger inhaltlicher Kontrolle \u00fcbernehme ich keine Haftung f\u00fcr die Inhalte externer Links.F\u00fcr den Inhalt der verlinkten Seiten sind ausschlie\u00dflich deren Betreiber verantwortlich. Dies gilt entsprechend f\u00fcr die Links auf &hellip; <\/p>\n<p class=\"link-more\"><a href=\"https:\/\/knippschild-stadtlohn.de\/?page_id=424\" class=\"more-link\"><span class=\"screen-reader-text\">\u201eDisclaimer\u201c <\/span>weiterlesen<\/a><\/p>\n","protected":false},"author":1,"featured_media":0,"parent":0,"menu_order":5,"comment_status":"closed","ping_status":"closed","template":"","meta":{"footnotes":""},"class_list":["post-424","page","type-page","status-publish","hentry"],"_links":{"self":[{"href":"https:\/\/knippschild-stadtlohn.de\/index.php?rest_route=\/wp\/v2\/pages\/424","targetHints":{"allow":["GET"]}}],"collection":[{"href":"https:\/\/knippschild-stadtlohn.de\/index.php?rest_route=\/wp\/v2\/pages"}],"about":[{"href":"https:\/\/knippschild-stadtlohn.de\/index.php?rest_route=\/wp\/v2\/types\/page"}],"author":[{"embeddable":true,"href":"https:\/\/knippschild-stadtlohn.de\/index.php?rest_route=\/wp\/v2\/users\/1"}],"replies":[{"embeddable":true,"href":"https:\/\/knippschild-stadtlohn.de\/index.php?rest_route=%2Fwp%2Fv2%2Fcomments&post=424"}],"version-history":[{"count":4,"href":"https:\/\/knippschild-stadtlohn.de\/index.php?rest_route=\/wp\/v2\/pages\/424\/revisions"}],"predecessor-version":[{"id":431,"href":"https:\/\/knippschild-stadtlohn.de\/index.php?rest_route=\/wp\/v2\/pages\/424\/revisions\/431"}],"wp:attachment":[{"href":"https:\/\/knippschild-stadtlohn.de\/index.php?rest_route=%2Fwp%2Fv2%2Fmedia&parent=424"}],"curies":[{"name":"wp","href":"https:\/\/api.w.org\/{rel}","templated":true}]}}