{"id":457,"date":"2022-02-19T20:52:17","date_gmt":"2022-02-19T20:52:17","guid":{"rendered":"https:\/\/knippschild-stadtlohn.de\/?page_id=457"},"modified":"2024-02-13T19:54:08","modified_gmt":"2024-02-13T18:54:08","slug":"kinder-sind-unsere-zukunft","status":"publish","type":"page","link":"https:\/\/knippschild-stadtlohn.de\/?page_id=457","title":{"rendered":"Kinder sind unsere Zukunft!"},"content":{"rendered":"\n<p><strong>Eben weil es nicht mehr Tagesgespr\u00e4ch ist!<\/strong><\/p>\n\n\n\n<p><br>Das Wohl und die Unversehrtheit von Kinderseelen sind wichtig!<\/p>\n\n\n\n<p>Informationen und Hilfe erhalten Sie unter anderem hier:<\/p>\n\n\n\n<p><\/p>\n\n\n\n<p><a rel=\"noreferrer noopener\" href=\"https:\/\/www.land.nrw\/pressemitteilung\/nordrhein-westfalen-bekommt-bundesweit-staerkstes-kinderschutzgesetz#:~:text=Nordrhein-Westfalen%20bekommt%20das%20bundesweit%20st%C3%A4rkste%20Kinderschutzgesetz.%20Der%20vom,besser%20vor%20Gef%C3%A4hrdungen%20f%C3%BCr%20ihr%20Wohl%20zu%20sch%C3%BCtzen.\" data-type=\"URL\" data-id=\"https:\/\/www.land.nrw\/pressemitteilung\/nordrhein-westfalen-bekommt-bundesweit-staerkstes-kinderschutzgesetz#:~:text=Nordrhein-Westfalen%20bekommt%20das%20bundesweit%20st%C3%A4rkste%20Kinderschutzgesetz.%20Der%20vom,besser%20vor%20Gef%C3%A4hrdungen%20f%C3%BCr%20ihr%20Wohl%20zu%20sch%C3%BCtzen.\" target=\"_blank\"><img decoding=\"async\" class=\"wp-image-448\" style=\"width: 334px;\" src=\"https:\/\/knippschild-stadtlohn.de\/wp-content\/uploads\/2022\/02\/kind_am_seil_festhaltend_foto_panthermedia.net_dmbaker_stk_-_landes-lizenz_2014_-_a765812-1.jpg\" alt=\"Hilfe suchen\"><\/a> &#8211; NRW bekommt bundesweit st\u00e4rkstes Jugendschutzgesetz<\/p>\n\n\n\n<div class=\"wp-block-columns is-layout-flex wp-container-core-columns-is-layout-9d6595d7 wp-block-columns-is-layout-flex\">\n<div class=\"wp-block-column is-layout-flow wp-block-column-is-layout-flow\">\n<figure class=\"wp-block-image size-large is-style-default\"><a href=\"https:\/\/www.bmfsfj.de\/bmfsfj\/themen\/kinder-und-jugend\/kinder-und-jugendschutz\"><img loading=\"lazy\" decoding=\"async\" width=\"1024\" height=\"448\" src=\"https:\/\/knippschild-stadtlohn.de\/wp-content\/uploads\/2022\/04\/2020-landingpage-kinder-und-jugendschutz-1024x448.jpg\" alt=\"\" class=\"wp-image-996\" srcset=\"https:\/\/knippschild-stadtlohn.de\/wp-content\/uploads\/2022\/04\/2020-landingpage-kinder-und-jugendschutz-1024x448.jpg 1024w, https:\/\/knippschild-stadtlohn.de\/wp-content\/uploads\/2022\/04\/2020-landingpage-kinder-und-jugendschutz-300x131.jpg 300w, https:\/\/knippschild-stadtlohn.de\/wp-content\/uploads\/2022\/04\/2020-landingpage-kinder-und-jugendschutz-768x336.jpg 768w, https:\/\/knippschild-stadtlohn.de\/wp-content\/uploads\/2022\/04\/2020-landingpage-kinder-und-jugendschutz-1536x672.jpg 1536w, https:\/\/knippschild-stadtlohn.de\/wp-content\/uploads\/2022\/04\/2020-landingpage-kinder-und-jugendschutz.jpg 1600w\" sizes=\"auto, (max-width: 706px) 89vw, (max-width: 767px) 82vw, 740px\" \/><\/a><figcaption>Kinder- und Jugendschutz<\/figcaption><\/figure>\n<\/div>\n\n\n\n<div class=\"wp-block-column is-layout-flow wp-block-column-is-layout-flow\">\n<p>Kinder und Jugendliche haben ein Recht auf Schutz vor k\u00f6rperlicher, sexueller und seelischer Gewalt. Im Kinder- und Jugendschutz geht es sowohl um Pr\u00e4vention als auch um Intervention.<\/p>\n<\/div>\n<\/div>\n\n\n\n<p><\/p>\n","protected":false},"excerpt":{"rendered":"<p>Eben weil es nicht mehr Tagesgespr\u00e4ch ist! Das Wohl und die Unversehrtheit von Kinderseelen sind wichtig! Informationen und Hilfe erhalten Sie unter anderem hier: &#8211; NRW bekommt bundesweit st\u00e4rkstes Jugendschutzgesetz Kinder und Jugendliche haben ein Recht auf Schutz vor k\u00f6rperlicher, sexueller und seelischer Gewalt. Im Kinder- und Jugendschutz geht es sowohl um Pr\u00e4vention als auch &hellip; <\/p>\n<p class=\"link-more\"><a href=\"https:\/\/knippschild-stadtlohn.de\/?page_id=457\" class=\"more-link\"><span class=\"screen-reader-text\">\u201eKinder sind unsere Zukunft!\u201c <\/span>weiterlesen<\/a><\/p>\n","protected":false},"author":1,"featured_media":0,"parent":0,"menu_order":2,"comment_status":"closed","ping_status":"closed","template":"","meta":{"footnotes":""},"class_list":["post-457","page","type-page","status-publish","hentry"],"_links":{"self":[{"href":"https:\/\/knippschild-stadtlohn.de\/index.php?rest_route=\/wp\/v2\/pages\/457","targetHints":{"allow":["GET"]}}],"collection":[{"href":"https:\/\/knippschild-stadtlohn.de\/index.php?rest_route=\/wp\/v2\/pages"}],"about":[{"href":"https:\/\/knippschild-stadtlohn.de\/index.php?rest_route=\/wp\/v2\/types\/page"}],"author":[{"embeddable":true,"href":"https:\/\/knippschild-stadtlohn.de\/index.php?rest_route=\/wp\/v2\/users\/1"}],"replies":[{"embeddable":true,"href":"https:\/\/knippschild-stadtlohn.de\/index.php?rest_route=%2Fwp%2Fv2%2Fcomments&post=457"}],"version-history":[{"count":14,"href":"https:\/\/knippschild-stadtlohn.de\/index.php?rest_route=\/wp\/v2\/pages\/457\/revisions"}],"predecessor-version":[{"id":1302,"href":"https:\/\/knippschild-stadtlohn.de\/index.php?rest_route=\/wp\/v2\/pages\/457\/revisions\/1302"}],"wp:attachment":[{"href":"https:\/\/knippschild-stadtlohn.de\/index.php?rest_route=%2Fwp%2Fv2%2Fmedia&parent=457"}],"curies":[{"name":"wp","href":"https:\/\/api.w.org\/{rel}","templated":true}]}}